{"id":111,"date":"2023-01-20T21:05:31","date_gmt":"2023-01-20T21:05:31","guid":{"rendered":"https:\/\/centrodeformacionsocial.com\/?page_id=111"},"modified":"2024-12-09T17:11:23","modified_gmt":"2024-12-09T17:11:23","slug":"sobre-nosotros","status":"publish","type":"page","link":"https:\/\/centrodeformacionsocial.com\/en\/sobre-nosotros\/","title":{"rendered":"About us"},"content":{"rendered":"<p>&nbsp;<\/p>\r\n\r\n<p>Somos una red de redes, que tiene su comienzo en el a\u00f1o 2001 con la visi\u00f3n de trabajar en la contenci\u00f3n y orientaci\u00f3n SOCIAL Y FAMILIAR, frente al contexto de crisis que el pa\u00eds estaba atravesando en ese momento.<\/p>\r\n<p><\/p>\r\n<p><\/p>\r\n<p>This situation called for the search for effective, direct and supportive strategies in the challenges of social vulnerability from a broad perspective on gender, and a Christian conception of values of justice, solidarity, peace and equality.<\/p>\r\n<p><\/p>\r\n<p><\/p>\r\n<p>Our work is based on three main areas:<\/p>\r\n<p><\/p>\r\n<p><\/p>\r\n<h2 style=\"padding-left: 40px;\"><span style=\"font-size: 18pt;\"><strong>Professional Attention<\/strong><\/span><\/h2>\r\n<p style=\"padding-left: 40px;\"><\/p>\r\n<p style=\"padding-left: 40px;\"><\/p>\r\n<p style=\"padding-left: 40px;\">Ofrecemos un espacio de atenci\u00f3n con un equipo multidisciplinario de profesionales que brinda calidad en el diagn\u00f3stico, asistencia y tratamiento, abordando las diferentes tem\u00e1ticas.<\/p>\r\n<p style=\"padding-left: 40px;\"><\/p>\r\n<p style=\"padding-left: 40px;\"><\/p>\r\n<p style=\"padding-left: 40px;\">Nuestras \u00e1reas asistenciales abarcan ni\u00f1os, j\u00f3venes, adultos, adultos mayores, parejas y familias; brindando atenci\u00f3n personalizada, mayormente a v\u00edctimas de violencia intrafamiliar, abuso infantil, violencia de g\u00e9nero y trata de personas, entre otras.<\/p>\r\n<p style=\"padding-left: 40px;\"><\/p>\r\n<p style=\"padding-left: 40px;\"><\/p>\r\n<p style=\"padding-left: 40px;\">To help victims of violence, sexual abuse, and trafficking, we have a Recovery Center that provides support to build self-worth and a life project as an exit from traumatic situations.<\/p>\r\n<p><\/p>\r\n<p><\/p>\r\n<h3 style=\"padding-left: 40px;\"><span style=\"font-size: 18pt;\"><strong>Training<\/strong><\/span><\/h3>\r\n<p><\/p>\r\n<p><\/p>\r\n<p style=\"padding-left: 40px;\">Ofrecemos diferentes tem\u00e1ticas, y modalidades, tanto presencial, virtual como talleres de un d\u00eda.<\/p>\r\n<p><\/p>\r\n<p><\/p>\r\n<ul class=\"wp-block-list\">\r\n<li style=\"list-style-type: none;\">\r\n<ul><\/ul>\r\n<\/li>\r\n<\/ul>\r\n<ul>\r\n<li style=\"list-style-type: none;\">\r\n<ul>\r\n<li>Social and Community Worker \/ continuity in Social Psychology<\/li>\r\n<\/ul>\r\n<\/li>\r\n<\/ul>\r\n<p><\/p>\r\n<p><\/p>\r\n<ul>\r\n<li style=\"list-style-type: none;\">\r\n<ul>\r\n<li>Comprehensive Violence Intervention<\/li>\r\n<\/ul>\r\n<\/li>\r\n<\/ul>\r\n<p><\/p>\r\n<p><\/p>\r\n<ul>\r\n<li style=\"list-style-type: none;\">\r\n<ul>\r\n<li>Addictions and Social Vulnerability<\/li>\r\n<\/ul>\r\n<\/li>\r\n<\/ul>\r\n<p><\/p>\r\n<p><\/p>\r\n<ul>\r\n<li style=\"list-style-type: none;\">\r\n<ul>\r\n<li>Mental Health - Psychological First Aid<\/li>\r\n<\/ul>\r\n<\/li>\r\n<\/ul>\r\n<p><\/p>\r\n<p><\/p>\r\n<ul>\r\n<li style=\"list-style-type: none;\">\r\n<ul>\r\n<li>Social Worker with Disability Orientation<\/li>\r\n<\/ul>\r\n<\/li>\r\n<\/ul>\r\n<p><\/p>\r\n<p><\/p>\r\n<p><\/p>\r\n<h3 style=\"padding-left: 40px;\"><span style=\"font-size: 18pt;\"><strong>Institutional reinforcement<\/strong><\/span><\/h3>\r\n<p><\/p>\r\n<p><\/p>\r\n<p style=\"padding-left: 40px;\">Entendemos que el trabajo en red potencia lo que hacemos. Para lograrlo, desarrollamos el fortalecimiento de organizaciones sociales a trav\u00e9s del equipo legal, t\u00e9cnico y administrativo con el cual acompa\u00f1amos en la gesti\u00f3n institucional.<\/p>\r\n<p>&nbsp;<\/p>\r\n<h6><strong><span style=\"font-size: 18pt;\">Endorsed by<\/span><\/strong><\/h6>\r\n<p>&nbsp;<\/p>\r\n<p><img fetchpriority=\"high\" decoding=\"async\" class=\"alignnone size-medium wp-image-959\" src=\"https:\/\/centrodeformacionsocial.com\/wp-content\/uploads\/2023\/01\/AEAPro_MXLN_CEC-300x226.png\" alt=\"\" width=\"300\" height=\"226\" srcset=\"https:\/\/centrodeformacionsocial.com\/wp-content\/uploads\/2023\/01\/AEAPro_MXLN_CEC-300x226.png 300w, https:\/\/centrodeformacionsocial.com\/wp-content\/uploads\/2023\/01\/AEAPro_MXLN_CEC.png 575w\" sizes=\"(max-width: 300px) 100vw, 300px\" \/><\/p>\r\n<p><\/p>","protected":false},"excerpt":{"rendered":"<p>&nbsp; Somos una red de redes, que tiene su comienzo en el a\u00f1o 2001 con la visi\u00f3n de trabajar en la contenci\u00f3n y orientaci\u00f3n SOCIAL Y FAMILIAR, frente al contexto de crisis que el pa\u00eds estaba atravesando en ese momento. Nuestro trabajo est\u00e1 basado en tres ejes fundamentales: Atenci\u00f3n Profesional Ofrecemos un espacio de atenci\u00f3n &hellip;<\/p>\n<p class=\"read-more\"> <a class=\"\" href=\"https:\/\/centrodeformacionsocial.com\/en\/sobre-nosotros\/\"> <span class=\"screen-reader-text\">About us<\/span> Read More &raquo;<\/a><\/p>","protected":false},"author":1,"featured_media":886,"parent":0,"menu_order":0,"comment_status":"closed","ping_status":"closed","template":"","meta":{"_acf_changed":false,"site-sidebar-layout":"no-sidebar","site-content-layout":"page-builder","ast-global-header-display":"","ast-main-header-display":"","ast-hfb-above-header-display":"","ast-hfb-below-header-display":"","ast-hfb-mobile-header-display":"","site-post-title":"disabled","ast-breadcrumbs-content":"","ast-featured-img":"disabled","footer-sml-layout":"","theme-transparent-header-meta":"default","adv-header-id-meta":"","stick-header-meta":"","header-above-stick-meta":"","header-main-stick-meta":"","header-below-stick-meta":"","_joinchat":[],"footnotes":""},"class_list":["post-111","page","type-page","status-publish","has-post-thumbnail","hentry"],"acf":[],"yoast_head":"<!-- This site is optimized with the Yoast SEO plugin v26.2 - https:\/\/yoast.com\/wordpress\/plugins\/seo\/ -->\n<title>Nosotros - Centro de Formaci\u00f3n Social<\/title>\n<meta name=\"robots\" content=\"index, follow, max-snippet:-1, max-image-preview:large, max-video-preview:-1\" \/>\n<link rel=\"canonical\" href=\"https:\/\/centrodeformacionsocial.com\/en\/sobre-nosotros\/\" \/>\n<meta property=\"og:locale\" content=\"en_GB\" \/>\n<meta property=\"og:type\" content=\"article\" \/>\n<meta property=\"og:title\" content=\"Nosotros - Centro de Formaci\u00f3n Social\" \/>\n<meta property=\"og:description\" content=\"&nbsp; Somos una red de redes, que tiene su comienzo en el a\u00f1o 2001 con la visi\u00f3n de trabajar en la contenci\u00f3n y orientaci\u00f3n SOCIAL Y FAMILIAR, frente al contexto de crisis que el pa\u00eds estaba atravesando en ese momento. Nuestro trabajo est\u00e1 basado en tres ejes fundamentales: Atenci\u00f3n Profesional Ofrecemos un espacio de atenci\u00f3n &hellip; Nosotros Read More &raquo;\" \/>\n<meta property=\"og:url\" content=\"https:\/\/centrodeformacionsocial.com\/en\/sobre-nosotros\/\" \/>\n<meta property=\"og:site_name\" content=\"Centro de Formaci\u00f3n Social\" \/>\n<meta property=\"article:modified_time\" content=\"2024-12-09T17:11:23+00:00\" \/>\n<meta property=\"og:image\" content=\"https:\/\/centrodeformacionsocial.com\/wp-content\/uploads\/2023\/01\/ryoji-iwata-IBaVuZsJJTo-unsplash-1.jpg\" \/>\n\t<meta property=\"og:image:width\" content=\"1920\" \/>\n\t<meta property=\"og:image:height\" content=\"1282\" \/>\n\t<meta property=\"og:image:type\" content=\"image\/jpeg\" \/>\n<meta name=\"twitter:card\" content=\"summary_large_image\" \/>\n<meta name=\"twitter:label1\" content=\"Estimated reading time\" \/>\n\t<meta name=\"twitter:data1\" content=\"2 minutes\" \/>\n<script type=\"application\/ld+json\" class=\"yoast-schema-graph\">{\"@context\":\"https:\/\/schema.org\",\"@graph\":[{\"@type\":\"WebPage\",\"@id\":\"https:\/\/centrodeformacionsocial.com\/sobre-nosotros\/\",\"url\":\"https:\/\/centrodeformacionsocial.com\/sobre-nosotros\/\",\"name\":\"Nosotros - Centro de Formaci\u00f3n Social\",\"isPartOf\":{\"@id\":\"https:\/\/centrodeformacionsocial.com\/#website\"},\"primaryImageOfPage\":{\"@id\":\"https:\/\/centrodeformacionsocial.com\/sobre-nosotros\/#primaryimage\"},\"image\":{\"@id\":\"https:\/\/centrodeformacionsocial.com\/sobre-nosotros\/#primaryimage\"},\"thumbnailUrl\":\"https:\/\/centrodeformacionsocial.com\/wp-content\/uploads\/2023\/01\/ryoji-iwata-IBaVuZsJJTo-unsplash-1.jpg\",\"datePublished\":\"2023-01-20T21:05:31+00:00\",\"dateModified\":\"2024-12-09T17:11:23+00:00\",\"breadcrumb\":{\"@id\":\"https:\/\/centrodeformacionsocial.com\/sobre-nosotros\/#breadcrumb\"},\"inLanguage\":\"en-GB\",\"potentialAction\":[{\"@type\":\"ReadAction\",\"target\":[\"https:\/\/centrodeformacionsocial.com\/sobre-nosotros\/\"]}]},{\"@type\":\"ImageObject\",\"inLanguage\":\"en-GB\",\"@id\":\"https:\/\/centrodeformacionsocial.com\/sobre-nosotros\/#primaryimage\",\"url\":\"https:\/\/centrodeformacionsocial.com\/wp-content\/uploads\/2023\/01\/ryoji-iwata-IBaVuZsJJTo-unsplash-1.jpg\",\"contentUrl\":\"https:\/\/centrodeformacionsocial.com\/wp-content\/uploads\/2023\/01\/ryoji-iwata-IBaVuZsJJTo-unsplash-1.jpg\",\"width\":1920,\"height\":1282,\"caption\":\"Sobre Nosotros\"},{\"@type\":\"BreadcrumbList\",\"@id\":\"https:\/\/centrodeformacionsocial.com\/sobre-nosotros\/#breadcrumb\",\"itemListElement\":[{\"@type\":\"ListItem\",\"position\":1,\"name\":\"Inicio\",\"item\":\"https:\/\/centrodeformacionsocial.com\/\"},{\"@type\":\"ListItem\",\"position\":2,\"name\":\"Nosotros\"}]},{\"@type\":\"WebSite\",\"@id\":\"https:\/\/centrodeformacionsocial.com\/#website\",\"url\":\"https:\/\/centrodeformacionsocial.com\/\",\"name\":\"Centro de Formaci\u00f3n Social\",\"description\":\"\",\"publisher\":{\"@id\":\"https:\/\/centrodeformacionsocial.com\/#organization\"},\"potentialAction\":[{\"@type\":\"SearchAction\",\"target\":{\"@type\":\"EntryPoint\",\"urlTemplate\":\"https:\/\/centrodeformacionsocial.com\/?s={search_term_string}\"},\"query-input\":{\"@type\":\"PropertyValueSpecification\",\"valueRequired\":true,\"valueName\":\"search_term_string\"}}],\"inLanguage\":\"en-GB\"},{\"@type\":\"Organization\",\"@id\":\"https:\/\/centrodeformacionsocial.com\/#organization\",\"name\":\"Centro de Formaci\u00f3n Social\",\"url\":\"https:\/\/centrodeformacionsocial.com\/\",\"logo\":{\"@type\":\"ImageObject\",\"inLanguage\":\"en-GB\",\"@id\":\"https:\/\/centrodeformacionsocial.com\/#\/schema\/logo\/image\/\",\"url\":\"https:\/\/centrodeformacionsocial.com\/wp-content\/uploads\/2023\/01\/Recurso-7pixel-1.svg\",\"contentUrl\":\"https:\/\/centrodeformacionsocial.com\/wp-content\/uploads\/2023\/01\/Recurso-7pixel-1.svg\",\"width\":982,\"height\":434,\"caption\":\"Centro de Formaci\u00f3n Social\"},\"image\":{\"@id\":\"https:\/\/centrodeformacionsocial.com\/#\/schema\/logo\/image\/\"}}]}<\/script>\n<!-- \/ Yoast SEO plugin. -->","yoast_head_json":{"title":"Nosotros - Centro de Formaci\u00f3n Social","robots":{"index":"index","follow":"follow","max-snippet":"max-snippet:-1","max-image-preview":"max-image-preview:large","max-video-preview":"max-video-preview:-1"},"canonical":"https:\/\/centrodeformacionsocial.com\/en\/sobre-nosotros\/","og_locale":"en_GB","og_type":"article","og_title":"Nosotros - Centro de Formaci\u00f3n Social","og_description":"&nbsp; Somos una red de redes, que tiene su comienzo en el a\u00f1o 2001 con la visi\u00f3n de trabajar en la contenci\u00f3n y orientaci\u00f3n SOCIAL Y FAMILIAR, frente al contexto de crisis que el pa\u00eds estaba atravesando en ese momento. Nuestro trabajo est\u00e1 basado en tres ejes fundamentales: Atenci\u00f3n Profesional Ofrecemos un espacio de atenci\u00f3n &hellip; Nosotros Read More &raquo;","og_url":"https:\/\/centrodeformacionsocial.com\/en\/sobre-nosotros\/","og_site_name":"Centro de Formaci\u00f3n Social","article_modified_time":"2024-12-09T17:11:23+00:00","og_image":[{"width":1920,"height":1282,"url":"https:\/\/centrodeformacionsocial.com\/wp-content\/uploads\/2023\/01\/ryoji-iwata-IBaVuZsJJTo-unsplash-1.jpg","type":"image\/jpeg"}],"twitter_card":"summary_large_image","twitter_misc":{"Estimated reading time":"2 minutes"},"schema":{"@context":"https:\/\/schema.org","@graph":[{"@type":"WebPage","@id":"https:\/\/centrodeformacionsocial.com\/sobre-nosotros\/","url":"https:\/\/centrodeformacionsocial.com\/sobre-nosotros\/","name":"Nosotros - Centro de Formaci\u00f3n Social","isPartOf":{"@id":"https:\/\/centrodeformacionsocial.com\/#website"},"primaryImageOfPage":{"@id":"https:\/\/centrodeformacionsocial.com\/sobre-nosotros\/#primaryimage"},"image":{"@id":"https:\/\/centrodeformacionsocial.com\/sobre-nosotros\/#primaryimage"},"thumbnailUrl":"https:\/\/centrodeformacionsocial.com\/wp-content\/uploads\/2023\/01\/ryoji-iwata-IBaVuZsJJTo-unsplash-1.jpg","datePublished":"2023-01-20T21:05:31+00:00","dateModified":"2024-12-09T17:11:23+00:00","breadcrumb":{"@id":"https:\/\/centrodeformacionsocial.com\/sobre-nosotros\/#breadcrumb"},"inLanguage":"en-GB","potentialAction":[{"@type":"ReadAction","target":["https:\/\/centrodeformacionsocial.com\/sobre-nosotros\/"]}]},{"@type":"ImageObject","inLanguage":"en-GB","@id":"https:\/\/centrodeformacionsocial.com\/sobre-nosotros\/#primaryimage","url":"https:\/\/centrodeformacionsocial.com\/wp-content\/uploads\/2023\/01\/ryoji-iwata-IBaVuZsJJTo-unsplash-1.jpg","contentUrl":"https:\/\/centrodeformacionsocial.com\/wp-content\/uploads\/2023\/01\/ryoji-iwata-IBaVuZsJJTo-unsplash-1.jpg","width":1920,"height":1282,"caption":"Sobre Nosotros"},{"@type":"BreadcrumbList","@id":"https:\/\/centrodeformacionsocial.com\/sobre-nosotros\/#breadcrumb","itemListElement":[{"@type":"ListItem","position":1,"name":"Inicio","item":"https:\/\/centrodeformacionsocial.com\/"},{"@type":"ListItem","position":2,"name":"Nosotros"}]},{"@type":"WebSite","@id":"https:\/\/centrodeformacionsocial.com\/#website","url":"https:\/\/centrodeformacionsocial.com\/","name":"Centro de Formaci\u00f3n Social","description":"","publisher":{"@id":"https:\/\/centrodeformacionsocial.com\/#organization"},"potentialAction":[{"@type":"SearchAction","target":{"@type":"EntryPoint","urlTemplate":"https:\/\/centrodeformacionsocial.com\/?s={search_term_string}"},"query-input":{"@type":"PropertyValueSpecification","valueRequired":true,"valueName":"search_term_string"}}],"inLanguage":"en-GB"},{"@type":"Organization","@id":"https:\/\/centrodeformacionsocial.com\/#organization","name":"Centro de Formaci\u00f3n Social","url":"https:\/\/centrodeformacionsocial.com\/","logo":{"@type":"ImageObject","inLanguage":"en-GB","@id":"https:\/\/centrodeformacionsocial.com\/#\/schema\/logo\/image\/","url":"https:\/\/centrodeformacionsocial.com\/wp-content\/uploads\/2023\/01\/Recurso-7pixel-1.svg","contentUrl":"https:\/\/centrodeformacionsocial.com\/wp-content\/uploads\/2023\/01\/Recurso-7pixel-1.svg","width":982,"height":434,"caption":"Centro de Formaci\u00f3n Social"},"image":{"@id":"https:\/\/centrodeformacionsocial.com\/#\/schema\/logo\/image\/"}}]}},"_links":{"self":[{"href":"https:\/\/centrodeformacionsocial.com\/en\/wp-json\/wp\/v2\/pages\/111","targetHints":{"allow":["GET"]}}],"collection":[{"href":"https:\/\/centrodeformacionsocial.com\/en\/wp-json\/wp\/v2\/pages"}],"about":[{"href":"https:\/\/centrodeformacionsocial.com\/en\/wp-json\/wp\/v2\/types\/page"}],"author":[{"embeddable":true,"href":"https:\/\/centrodeformacionsocial.com\/en\/wp-json\/wp\/v2\/users\/1"}],"replies":[{"embeddable":true,"href":"https:\/\/centrodeformacionsocial.com\/en\/wp-json\/wp\/v2\/comments?post=111"}],"version-history":[{"count":88,"href":"https:\/\/centrodeformacionsocial.com\/en\/wp-json\/wp\/v2\/pages\/111\/revisions"}],"predecessor-version":[{"id":1452,"href":"https:\/\/centrodeformacionsocial.com\/en\/wp-json\/wp\/v2\/pages\/111\/revisions\/1452"}],"wp:featuredmedia":[{"embeddable":true,"href":"https:\/\/centrodeformacionsocial.com\/en\/wp-json\/wp\/v2\/media\/886"}],"wp:attachment":[{"href":"https:\/\/centrodeformacionsocial.com\/en\/wp-json\/wp\/v2\/media?parent=111"}],"curies":[{"name":"wp","href":"https:\/\/api.w.org\/{rel}","templated":true}]}}